{"id":806,"date":"2025-12-08T10:42:51","date_gmt":"2025-12-08T08:42:51","guid":{"rendered":"https:\/\/kristall-guttannen.ch\/visiter\/"},"modified":"2025-12-10T18:34:45","modified_gmt":"2025-12-10T16:34:45","slug":"visiter","status":"publish","type":"page","link":"https:\/\/kristall-guttannen.ch\/fr\/visiter\/","title":{"rendered":"Visiter"},"content":{"rendered":"<p>[et_pb_section fb_built=\u00a0\u00bb1&Prime; _builder_version=\u00a0\u00bb4.27.4&Prime; _module_preset=\u00a0\u00bb057399d7-2292-4821-88f8-650686b3f7d0&Prime; background_enable_color=\u00a0\u00bboff\u00a0\u00bb background_image=\u00a0\u00bbhttps:\/\/kristall-guttannen.ch\/wp-content\/uploads\/2025\/11\/hero-kristall-2@1920px.jpg\u00a0\u00bb parallax=\u00a0\u00bbon\u00a0\u00bb width=\u00a0\u00bb100%\u00a0\u00bb width_tablet=\u00a0\u00bb100%\u00a0\u00bb width_phone=\u00a0\u00bb100%\u00a0\u00bb width_last_edited=\u00a0\u00bbon|desktop\u00a0\u00bb max_width=\u00a0\u00bb100%\u00a0\u00bb max_width_tablet=\u00a0\u00bb100%\u00a0\u00bb max_width_phone=\u00a0\u00bb100%\u00a0\u00bb max_width_last_edited=\u00a0\u00bbon|desktop\u00a0\u00bb custom_margin=\u00a0\u00bb10vh||0px||false|false\u00a0\u00bb custom_margin_tablet=\u00a0\u00bb0vh||||false|false\u00a0\u00bb custom_margin_phone=\u00a0\u00bb0vh||||false|false\u00a0\u00bb custom_margin_last_edited=\u00a0\u00bbon|phone\u00a0\u00bb custom_padding=\u00a0\u00bb||0px||false|false\u00a0\u00bb global_colors_info=\u00a0\u00bb{}\u00a0\u00bb][et_pb_row module_class=\u00a0\u00bbcentered\u00a0\u00bb _builder_version=\u00a0\u00bb4.27.4&Prime; _module_preset=\u00a0\u00bbdefault\u00a0\u00bb position_origin_a=\u00a0\u00bbcenter_left\u00a0\u00bb position_origin_f=\u00a0\u00bbbottom_left\u00a0\u00bb width=\u00a0\u00bb50%\u00a0\u00bb width_tablet=\u00a0\u00bb60%\u00a0\u00bb width_phone=\u00a0\u00bb60%\u00a0\u00bb width_last_edited=\u00a0\u00bbon|phone\u00a0\u00bb max_width=\u00a0\u00bb1080px\u00a0\u00bb max_width_tablet=\u00a0\u00bb60%\u00a0\u00bb module_alignment=\u00a0\u00bbleft\u00a0\u00bb custom_margin=\u00a0\u00bb10vh||0px||false|false\u00a0\u00bb custom_margin_tablet=\u00a0\u00bb10vh||0px||false|false\u00a0\u00bb custom_margin_phone=\u00a0\u00bb5vh||0px||false|false\u00a0\u00bb custom_margin_last_edited=\u00a0\u00bbon|desktop\u00a0\u00bb custom_padding=\u00a0\u00bb||0px||false|false\u00a0\u00bb global_colors_info=\u00a0\u00bb{}\u00a0\u00bb custom_css_main_element_last_edited=\u00a0\u00bbon|tablet\u00a0\u00bb][et_pb_column type=\u00a0\u00bb4_4&Prime; _builder_version=\u00a0\u00bb4.27.4&Prime; _module_preset=\u00a0\u00bbdefault\u00a0\u00bb global_colors_info=\u00a0\u00bb{}\u00a0\u00bb custom_css_main_element_last_edited=\u00a0\u00bbon|tablet\u00a0\u00bb][et_pb_image src=\u00a0\u00bbhttps:\/\/kristall-guttannen.ch\/wp-content\/uploads\/2025\/11\/kriSTALL_Logo_Ort_Beige_Web.png\u00a0\u00bb title_text=\u00a0\u00bbkriSTALL_Logo_Ort_Beige_Web\u00a0\u00bb _builder_version=\u00a0\u00bb4.27.4&Prime; _module_preset=\u00a0\u00bbdefault\u00a0\u00bb position_origin_f=\u00a0\u00bbbottom_left\u00a0\u00bb position_origin_r=\u00a0\u00bbbottom_left\u00a0\u00bb width=\u00a0\u00bb100%\u00a0\u00bb global_colors_info=\u00a0\u00bb{}\u00a0\u00bb][\/et_pb_image][\/et_pb_column][\/et_pb_row][\/et_pb_section][et_pb_section fb_built=\u00a0\u00bb1&Prime; _builder_version=\u00a0\u00bb4.27.4&Prime; _module_preset=\u00a0\u00bb057399d7-2292-4821-88f8-650686b3f7d0&Prime; background_color=\u00a0\u00bb#F7F4EF\u00a0\u00bb width=\u00a0\u00bb100%\u00a0\u00bb width_tablet=\u00a0\u00bb100%\u00a0\u00bb width_phone=\u00a0\u00bb100%\u00a0\u00bb width_last_edited=\u00a0\u00bbon|desktop\u00a0\u00bb max_width=\u00a0\u00bb100%\u00a0\u00bb max_width_tablet=\u00a0\u00bb100%\u00a0\u00bb max_width_phone=\u00a0\u00bb100%\u00a0\u00bb max_width_last_edited=\u00a0\u00bbon|desktop\u00a0\u00bb global_colors_info=\u00a0\u00bb{}\u00a0\u00bb][et_pb_row _builder_version=\u00a0\u00bb4.27.4&Prime; _module_preset=\u00a0\u00bbdefault\u00a0\u00bb max_width=\u00a0\u00bb1440px\u00a0\u00bb global_colors_info=\u00a0\u00bb{}\u00a0\u00bb][et_pb_column type=\u00a0\u00bb4_4&Prime; _builder_version=\u00a0\u00bb4.27.4&Prime; _module_preset=\u00a0\u00bbdefault\u00a0\u00bb global_colors_info=\u00a0\u00bb{}\u00a0\u00bb][et_pb_text disabled_on=\u00a0\u00bboff|off|off\u00a0\u00bb _builder_version=\u00a0\u00bb4.27.4&Prime; _module_preset=\u00a0\u00bbdefault\u00a0\u00bb text_text_color=\u00a0\u00bb#30312F\u00a0\u00bb link_font=\u00a0\u00bb||||on|||#C6A375|\u00a0\u00bb link_text_color=\u00a0\u00bb#C6A375&Prime; header_2_text_color=\u00a0\u00bb#30312F\u00a0\u00bb global_colors_info=\u00a0\u00bb{}\u00a0\u00bb]<\/p>\n<h2>kriSTALL Guttannen: O\u00f9 les pierres racontent une histoire<\/h2>\n<p>[\/et_pb_text][\/et_pb_column][\/et_pb_row][et_pb_row _builder_version=\u00a0\u00bb4.27.4&Prime; _module_preset=\u00a0\u00bbdefault\u00a0\u00bb max_width=\u00a0\u00bb1440px\u00a0\u00bb custom_padding=\u00a0\u00bb||24px|||\u00a0\u00bb global_colors_info=\u00a0\u00bb{}\u00a0\u00bb][et_pb_column type=\u00a0\u00bb4_4&Prime; _builder_version=\u00a0\u00bb4.27.4&Prime; _module_preset=\u00a0\u00bbdefault\u00a0\u00bb global_colors_info=\u00a0\u00bb{}\u00a0\u00bb][et_pb_text disabled_on=\u00a0\u00bboff|off|off\u00a0\u00bb _builder_version=\u00a0\u00bb4.27.4&Prime; _module_preset=\u00a0\u00bbdefault\u00a0\u00bb text_text_color=\u00a0\u00bb#30312F\u00a0\u00bb link_font=\u00a0\u00bb||||on|||#C6A375|\u00a0\u00bb link_text_color=\u00a0\u00bb#C6A375&Prime; header_2_text_color=\u00a0\u00bb#30312F\u00a0\u00bb global_colors_info=\u00a0\u00bb{}\u00a0\u00bb]<\/p>\n<p>Fin mai 2026, <strong>kriSTALL<\/strong> ouvrira une porte sur le monde fascinant des cristaux de roche. Dans le petit espace am\u00e9nag\u00e9 d\u2019une ancienne \u00e9table \u00e0 Guttannen, vous embarquerez pour un voyage magique \u00e0 la d\u00e9couverte des tr\u00e9sors du massif du Grimsel et des personnes qui y ont consacr\u00e9 leur vie. L\u2019histoire de la chasse aux cristaux \u00e0 Guttannen n\u2019est pas une simple histoire de paillettes, c\u2019est aussi une histoire de souffrance, de courage et de qu\u00eate effr\u00e9n\u00e9e. Au c\u0153ur de l\u2019univers d\u2019exp\u00e9riences <strong>kriSTALL<\/strong> se trouve la collection exceptionnelle de la famille Rufibach, qui, au fil des g\u00e9n\u00e9rations, a gravi les montagnes avec acharnement, passion et un d\u00e9vouement in\u00e9branlable, \u00e0 la recherche de la lumi\u00e8re dans la roche. <strong>kriSTALL<\/strong> fait revivre l\u2019histoire mouvement\u00e9e de la famille et la m\u00e9moire de toute une vall\u00e9e. Des cristaux \u00e9tincelants et uniques, des installations lumineuses, des portraits vid\u00e9o et des bornes interactives font revivre le pass\u00e9 et guident les visiteurs l\u00e0 o\u00f9 la force de la roche rencontre la force du r\u00e9cit.<\/p>\n<p>[\/et_pb_text][\/et_pb_column][\/et_pb_row][et_pb_row _builder_version=\u00a0\u00bb4.27.4&Prime; _module_preset=\u00a0\u00bbdefault\u00a0\u00bb max_width=\u00a0\u00bb1440px\u00a0\u00bb global_colors_info=\u00a0\u00bb{}\u00a0\u00bb][et_pb_column type=\u00a0\u00bb4_4&Prime; _builder_version=\u00a0\u00bb4.27.4&Prime; _module_preset=\u00a0\u00bbdefault\u00a0\u00bb global_colors_info=\u00a0\u00bb{}\u00a0\u00bb][et_pb_text disabled_on=\u00a0\u00bboff|off|off\u00a0\u00bb _builder_version=\u00a0\u00bb4.27.4&Prime; _module_preset=\u00a0\u00bbdefault\u00a0\u00bb text_text_color=\u00a0\u00bb#30312F\u00a0\u00bb link_font=\u00a0\u00bb||||on|||#C6A375|\u00a0\u00bb link_text_color=\u00a0\u00bb#C6A375&Prime; header_2_text_color=\u00a0\u00bb#30312F\u00a0\u00bb global_colors_info=\u00a0\u00bb{}\u00a0\u00bb]<\/p>\n<h2>Billets &amp; prix<\/h2>\n<p>[\/et_pb_text][\/et_pb_column][\/et_pb_row][et_pb_row _builder_version=\u00a0\u00bb4.27.4&Prime; _module_preset=\u00a0\u00bbdefault\u00a0\u00bb max_width=\u00a0\u00bb1440px\u00a0\u00bb global_colors_info=\u00a0\u00bb{}\u00a0\u00bb][et_pb_column type=\u00a0\u00bb4_4&Prime; _builder_version=\u00a0\u00bb4.27.4&Prime; _module_preset=\u00a0\u00bbdefault\u00a0\u00bb global_colors_info=\u00a0\u00bb{}\u00a0\u00bb][difl_datatable head_background_bgcolor=\u00a0\u00bb#C6A375&Prime; row_even_background_bgcolor=\u00a0\u00bb#C6A375&Prime; _builder_version=\u00a0\u00bb4.27.4&Prime; _module_preset=\u00a0\u00bbdefault\u00a0\u00bb head_text_text_color=\u00a0\u00bb#30312F\u00a0\u00bb row_text_text_color=\u00a0\u00bb#30312F\u00a0\u00bb hover_enabled=\u00a0\u00bb0&Prime; global_colors_info=\u00a0\u00bb{}\u00a0\u00bb sticky_enabled=\u00a0\u00bb0&Prime;][difl_datatableitem admin_label=\u00a0\u00bbKopfzeile\u00a0\u00bb row=\u00a0\u00bbBillet<br \/>\nPrix\u00a0\u00bb row_type=\u00a0\u00bbhead\u00a0\u00bb _builder_version=\u00a0\u00bb4.27.4&Prime; _module_preset=\u00a0\u00bbdefault\u00a0\u00bb global_colors_info=\u00a0\u00bb{}\u00a0\u00bb][\/difl_datatableitem][difl_datatableitem admin_label=\u00a0\u00bbErwachsene\u00a0\u00bb row=\u00a0\u00bbEntr\u00e9e adultes (\u00e0 partir du 16\u00e8me anniversaire)<br \/>\nCHF 8.00&Prime; _builder_version=\u00a0\u00bb4.27.4&Prime; _module_preset=\u00a0\u00bbdefault\u00a0\u00bb global_colors_info=\u00a0\u00bb{}\u00a0\u00bb][\/difl_datatableitem][difl_datatableitem admin_label=\u00a0\u00bbKinder 6.-16.\u00a0\u00bb row=\u00a0\u00bbEntr\u00e9e enfants (du 6\u00e8me au 16\u00e8me anniversaire)<br \/>\nCHF 4.00&Prime; _builder_version=\u00a0\u00bb4.27.4&Prime; _module_preset=\u00a0\u00bbdefault\u00a0\u00bb global_colors_info=\u00a0\u00bb{}\u00a0\u00bb][\/difl_datatableitem][difl_datatableitem admin_label=\u00a0\u00bbkleinkinder\u00a0\u00bb row=\u00a0\u00bbEntr\u00e9e petits enfants (moins de 6 ans)<br \/>\ngratuit\u00a0\u00bb _builder_version=\u00a0\u00bb4.27.4&Prime; _module_preset=\u00a0\u00bbdefault\u00a0\u00bb hover_enabled=\u00a0\u00bb0&Prime; global_colors_info=\u00a0\u00bb{}\u00a0\u00bb sticky_enabled=\u00a0\u00bb0&Prime;][\/difl_datatableitem][difl_datatableitem admin_label=\u00a0\u00bbSenioren\u00a0\u00bb row=\u00a0\u00bbEntr\u00e9e seniors (\u00e0 partir du 65\u00e8me anniversaire, \u00e2ge AVS)<br \/>\nCHF 6.00&Prime; _builder_version=\u00a0\u00bb4.27.4&Prime; _module_preset=\u00a0\u00bbdefault\u00a0\u00bb global_colors_info=\u00a0\u00bb{}\u00a0\u00bb][\/difl_datatableitem][difl_datatableitem admin_label=\u00a0\u00bbFamilien\u00a0\u00bb row=\u00a0\u00bbEntr\u00e9e familles (valable pour deux adultes maximum et un nombre illimit\u00e9 d&#039;enfants, petits-enfants, filleuls, etc.)<br \/>\nCHF 20.00&Prime; _builder_version=\u00a0\u00bb4.27.4&Prime; _module_preset=\u00a0\u00bbdefault\u00a0\u00bb global_colors_info=\u00a0\u00bb{}\u00a0\u00bb][\/difl_datatableitem][\/difl_datatable][\/et_pb_column][\/et_pb_row][et_pb_row _builder_version=\u00a0\u00bb4.27.4&Prime; _module_preset=\u00a0\u00bbdefault\u00a0\u00bb max_width=\u00a0\u00bb1440px\u00a0\u00bb global_colors_info=\u00a0\u00bb{}\u00a0\u00bb][et_pb_column type=\u00a0\u00bb4_4&Prime; _builder_version=\u00a0\u00bb4.27.4&Prime; _module_preset=\u00a0\u00bbdefault\u00a0\u00bb global_colors_info=\u00a0\u00bb{}\u00a0\u00bb][et_pb_text disabled_on=\u00a0\u00bboff|off|off\u00a0\u00bb _builder_version=\u00a0\u00bb4.27.4&Prime; _module_preset=\u00a0\u00bbdefault\u00a0\u00bb text_text_color=\u00a0\u00bb#30312F\u00a0\u00bb link_font=\u00a0\u00bb||||on|||#C6A375|\u00a0\u00bb link_text_color=\u00a0\u00bb#C6A375&Prime; global_colors_info=\u00a0\u00bb{}\u00a0\u00bb]<\/p>\n<p>Vous pouvez facilement acheter en ligne le billet pour votre visite de l\u2019univers d&rsquo;exp\u00e9riences <strong>kriSTALL<\/strong> \u00e0 Guttannen pour la date de visite souhait\u00e9e.<\/p>\n<p>[\/et_pb_text][et_pb_button button_url=\u00a0\u00bbhttps:\/\/shop.e-guma.ch\/kristall-guttannen\/fr\/tickets\u00a0\u00bb url_new_window=\u00a0\u00bbon\u00a0\u00bb button_text=\u00a0\u00bbCommander des billets\u00a0\u00bb _builder_version=\u00a0\u00bb4.27.4&Prime; _module_preset=\u00a0\u00bbdefault\u00a0\u00bb custom_button=\u00a0\u00bbon\u00a0\u00bb button_text_size=\u00a0\u00bb1em\u00a0\u00bb button_text_color=\u00a0\u00bb#C6A375&Prime; button_bg_color=\u00a0\u00bb#FFFFFF\u00a0\u00bb button_border_width=\u00a0\u00bb2px\u00a0\u00bb button_border_color=\u00a0\u00bb#C6A375&Prime; button_border_radius=\u00a0\u00bb2px\u00a0\u00bb button_icon=\u00a0\u00bb&#xf3ff;||fa||900&Prime; button_icon_color=\u00a0\u00bb#C6A375&Prime; button_icon_placement=\u00a0\u00bbleft\u00a0\u00bb button_on_hover=\u00a0\u00bboff\u00a0\u00bb global_colors_info=\u00a0\u00bb{}\u00a0\u00bb button_bg_color__hover_enabled=\u00a0\u00bbon|desktop\u00a0\u00bb button_bg_color__hover=\u00a0\u00bb#C6A375&Prime; button_bg_enable_color__hover=\u00a0\u00bbon\u00a0\u00bb button_border_color__hover_enabled=\u00a0\u00bbon|desktop\u00a0\u00bb button_border_color__hover=\u00a0\u00bb#C6A375&Prime; button_icon_color__hover_enabled=\u00a0\u00bbon|desktop\u00a0\u00bb button_border_width__hover_enabled=\u00a0\u00bbon|hover\u00a0\u00bb button_border_width__hover=\u00a0\u00bb4px\u00a0\u00bb button_icon_color__hover=\u00a0\u00bb#F7F4EF\u00a0\u00bb button_text_color__hover_enabled=\u00a0\u00bbon|desktop\u00a0\u00bb button_text_color__hover=\u00a0\u00bb#F7F4EF\u00a0\u00bb][\/et_pb_button][et_pb_text disabled_on=\u00a0\u00bboff|off|off\u00a0\u00bb _builder_version=\u00a0\u00bb4.27.4&Prime; _module_preset=\u00a0\u00bbdefault\u00a0\u00bb text_text_color=\u00a0\u00bb#30312F\u00a0\u00bb link_font=\u00a0\u00bb||||on|||#C6A375|\u00a0\u00bb link_text_color=\u00a0\u00bb#C6A375&Prime; global_colors_info=\u00a0\u00bb{}\u00a0\u00bb]<\/p>\n<p>Vous ne savez pas encore \u00e0 quelle date vous souhaitez visiter <strong>kriSTALL<\/strong> \u00e0 Guttannen? Ou vous souhaitez offrir cette exp\u00e9rience en cadeau? Dans ce cas, nous vous recommandons nos bons <strong>kriSTALL<\/strong>. Ceux-ci sont disponibles sous forme de bons d\u2019entr\u00e9e ou de bons d\u2019achat (les bons d\u2019achat peuvent \u00e9galement \u00eatre utilis\u00e9s \u00e0 <a href=\"https:\/\/baeren-guttannen.ch\/fr\" target=\"_blank\" rel=\"noopener\">l\u2019h\u00f4tel B\u00e4ren Guttannen<\/a>).<\/p>\n<p>[\/et_pb_text][et_pb_button button_url=\u00a0\u00bbhttps:\/\/shop.e-guma.ch\/kristall-guttannen\/fr\/bons-cadeaux\u00a0\u00bb url_new_window=\u00a0\u00bbon\u00a0\u00bb button_text=\u00a0\u00bbAcheter des bon cadeaux\u00a0\u00bb _builder_version=\u00a0\u00bb4.27.4&Prime; _module_preset=\u00a0\u00bbdefault\u00a0\u00bb custom_button=\u00a0\u00bbon\u00a0\u00bb button_text_size=\u00a0\u00bb1em\u00a0\u00bb button_text_color=\u00a0\u00bb#C6A375&Prime; button_bg_color=\u00a0\u00bb#FFFFFF\u00a0\u00bb button_border_width=\u00a0\u00bb2px\u00a0\u00bb button_border_color=\u00a0\u00bb#C6A375&Prime; button_border_radius=\u00a0\u00bb2px\u00a0\u00bb button_icon=\u00a0\u00bb&#xe089;||divi||400&Prime; button_icon_color=\u00a0\u00bb#C6A375&Prime; button_icon_placement=\u00a0\u00bbleft\u00a0\u00bb button_on_hover=\u00a0\u00bboff\u00a0\u00bb global_colors_info=\u00a0\u00bb{}\u00a0\u00bb button_bg_color__hover_enabled=\u00a0\u00bbon|desktop\u00a0\u00bb button_bg_color__hover=\u00a0\u00bb#C6A375&Prime; button_bg_enable_color__hover=\u00a0\u00bbon\u00a0\u00bb button_border_color__hover_enabled=\u00a0\u00bbon|desktop\u00a0\u00bb button_border_color__hover=\u00a0\u00bb#C6A375&Prime; button_icon_color__hover_enabled=\u00a0\u00bbon|desktop\u00a0\u00bb button_border_width__hover_enabled=\u00a0\u00bbon|hover\u00a0\u00bb button_border_width__hover=\u00a0\u00bb4px\u00a0\u00bb button_icon_color__hover=\u00a0\u00bb#F7F4EF\u00a0\u00bb button_text_color__hover_enabled=\u00a0\u00bbon|desktop\u00a0\u00bb button_text_color__hover=\u00a0\u00bb#F7F4EF\u00a0\u00bb][\/et_pb_button][\/et_pb_column][\/et_pb_row][et_pb_row _builder_version=\u00a0\u00bb4.27.4&Prime; _module_preset=\u00a0\u00bbdefault\u00a0\u00bb max_width=\u00a0\u00bb1440px\u00a0\u00bb global_colors_info=\u00a0\u00bb{}\u00a0\u00bb][et_pb_column type=\u00a0\u00bb4_4&Prime; _builder_version=\u00a0\u00bb4.27.4&Prime; _module_preset=\u00a0\u00bbdefault\u00a0\u00bb global_colors_info=\u00a0\u00bb{}\u00a0\u00bb][et_pb_text disabled_on=\u00a0\u00bboff|off|off\u00a0\u00bb _builder_version=\u00a0\u00bb4.27.4&Prime; _module_preset=\u00a0\u00bbdefault\u00a0\u00bb text_text_color=\u00a0\u00bb#30312F\u00a0\u00bb link_font=\u00a0\u00bb||||on|||#C6A375|\u00a0\u00bb link_text_color=\u00a0\u00bb#C6A375&Prime; header_2_text_color=\u00a0\u00bb#30312F\u00a0\u00bb global_colors_info=\u00a0\u00bb{}\u00a0\u00bb]<\/p>\n<h2>Heures d\u2019ouverture<\/h2>\n<p>[\/et_pb_text][\/et_pb_column][\/et_pb_row][et_pb_row _builder_version=\u00a0\u00bb4.27.4&Prime; _module_preset=\u00a0\u00bbdefault\u00a0\u00bb max_width=\u00a0\u00bb1440px\u00a0\u00bb global_colors_info=\u00a0\u00bb{}\u00a0\u00bb][et_pb_column type=\u00a0\u00bb4_4&Prime; _builder_version=\u00a0\u00bb4.27.4&Prime; _module_preset=\u00a0\u00bbdefault\u00a0\u00bb global_colors_info=\u00a0\u00bb{}\u00a0\u00bb][et_pb_text disabled_on=\u00a0\u00bboff|off|off\u00a0\u00bb _builder_version=\u00a0\u00bb4.27.4&Prime; _module_preset=\u00a0\u00bbdefault\u00a0\u00bb text_text_color=\u00a0\u00bb#30312F\u00a0\u00bb link_font=\u00a0\u00bb||||on|||#C6A375|\u00a0\u00bb link_text_color=\u00a0\u00bb#C6A375&Prime; global_colors_info=\u00a0\u00bb{}\u00a0\u00bb]<\/p>\n<p>Les heures d\u2019ouverture de <strong>kriSTALL<\/strong> \u00e0 Guttannen d\u00e9pendent des heures d\u2019ouverture du col du Grimsel.<\/p>\n<p><strong>kriSTALL<\/strong> ouvrira ses portes le samedi 23 mai 2026. <\/p>\n<p>Notre univers de d\u00e9couverte reste ferm\u00e9 pendant les trois premi\u00e8res semaines de janvier ainsi que la semaine pr\u00e9c\u00e9dant le Nouvel An.<\/p>\n<p>[\/et_pb_text][difl_datatable head_background_bgcolor=\u00a0\u00bb#C6A375&Prime; row_even_background_bgcolor=\u00a0\u00bb#C6A375&Prime; _builder_version=\u00a0\u00bb4.27.4&Prime; _module_preset=\u00a0\u00bbdefault\u00a0\u00bb head_text_text_color=\u00a0\u00bb#30312F\u00a0\u00bb row_text_text_color=\u00a0\u00bb#30312F\u00a0\u00bb locked=\u00a0\u00bboff\u00a0\u00bb global_colors_info=\u00a0\u00bb{}\u00a0\u00bb][difl_datatableitem admin_label=\u00a0\u00bbKopfzeile\u00a0\u00bb row=\u00a0\u00bbSaison<br \/>\nJours de la semaine<br \/>\nHeure\u00a0\u00bb row_type=\u00a0\u00bbhead\u00a0\u00bb _builder_version=\u00a0\u00bb4.27.4&Prime; _module_preset=\u00a0\u00bbdefault\u00a0\u00bb global_colors_info=\u00a0\u00bb{}\u00a0\u00bb][\/difl_datatableitem][difl_datatableitem admin_label=\u00a0\u00bbSommer\u00a0\u00bb row=\u00a0\u00bb\u00c9t\u00e9 (mai \u2013 octobre ; col du Grimsel ouvert)<br \/>\nLundi au dimanche<br \/>\n10h00 \u2013 18h00&Prime; _builder_version=\u00a0\u00bb4.27.4&Prime; _module_preset=\u00a0\u00bbdefault\u00a0\u00bb global_colors_info=\u00a0\u00bb{}\u00a0\u00bb][\/difl_datatableitem][difl_datatableitem admin_label=\u00a0\u00bbWinter\u00a0\u00bb row=\u00a0\u00bbHiver (novembre &#8211; avril ; col du Grimsel ferm\u00e9)<br \/>\nMercredi au dimanche<br \/>\n13h00 \u2013 17h00&Prime; _builder_version=\u00a0\u00bb4.27.4&Prime; _module_preset=\u00a0\u00bbdefault\u00a0\u00bb global_colors_info=\u00a0\u00bb{}\u00a0\u00bb][\/difl_datatableitem][\/difl_datatable][\/et_pb_column][\/et_pb_row][et_pb_row disabled_on=\u00a0\u00bboff|off|off\u00a0\u00bb _builder_version=\u00a0\u00bb4.27.4&Prime; _module_preset=\u00a0\u00bbdefault\u00a0\u00bb max_width=\u00a0\u00bb1440px\u00a0\u00bb global_colors_info=\u00a0\u00bb{}\u00a0\u00bb][et_pb_column type=\u00a0\u00bb4_4&Prime; _builder_version=\u00a0\u00bb4.27.4&Prime; _module_preset=\u00a0\u00bbdefault\u00a0\u00bb global_colors_info=\u00a0\u00bb{}\u00a0\u00bb][et_pb_text disabled_on=\u00a0\u00bboff|off|off\u00a0\u00bb _builder_version=\u00a0\u00bb4.27.4&Prime; _module_preset=\u00a0\u00bbdefault\u00a0\u00bb text_text_color=\u00a0\u00bb#30312F\u00a0\u00bb link_font=\u00a0\u00bb||||on|||#C6A375|\u00a0\u00bb link_text_color=\u00a0\u00bb#C6A375&Prime; header_2_text_color=\u00a0\u00bb#30312F\u00a0\u00bb global_colors_info=\u00a0\u00bb{}\u00a0\u00bb]<\/p>\n<h2>Visites de groupe<\/h2>\n<p>[\/et_pb_text][\/et_pb_column][\/et_pb_row][et_pb_row disabled_on=\u00a0\u00bboff|off|off\u00a0\u00bb _builder_version=\u00a0\u00bb4.27.4&Prime; _module_preset=\u00a0\u00bbdefault\u00a0\u00bb max_width=\u00a0\u00bb1440px\u00a0\u00bb global_colors_info=\u00a0\u00bb{}\u00a0\u00bb][et_pb_column type=\u00a0\u00bb4_4&Prime; _builder_version=\u00a0\u00bb4.27.4&Prime; _module_preset=\u00a0\u00bbdefault\u00a0\u00bb global_colors_info=\u00a0\u00bb{}\u00a0\u00bb][et_pb_text disabled_on=\u00a0\u00bboff|off|off\u00a0\u00bb _builder_version=\u00a0\u00bb4.27.4&Prime; _module_preset=\u00a0\u00bbdefault\u00a0\u00bb text_text_color=\u00a0\u00bb#30312F\u00a0\u00bb link_font=\u00a0\u00bb||||on|||#C6A375|\u00a0\u00bb link_text_color=\u00a0\u00bb#C6A375&Prime; global_colors_info=\u00a0\u00bb{}\u00a0\u00bb]<\/p>\n<p>Vous pr\u00e9voyez une sortie avec votre association? Ou vous recherchez une exp\u00e9rience pour une journ\u00e9e d\u2019\u00e9quipe? Les visites de groupe sont \u00e9galement possibles au <strong>kriSTALL<\/strong> Guttannen. Nous \u00e9laborons actuellement le programme pour les groupes. Si vous \u00eates int\u00e9ress\u00e9 par une visite de groupe, veuillez nous contacter par e-mail \u00e0 l\u2019adresse <a href=\"mailto:post@kristall-guttannen.ch\">post@kristall-guttannen.ch<\/a>. Nous vous contacterons mi-janvier 2026 avec des propositions d\u2019offres correspondantes. Merci de votre patience.<\/p>\n<p>[\/et_pb_text][\/et_pb_column][\/et_pb_row][\/et_pb_section]<\/p>\n","protected":false},"excerpt":{"rendered":"<p>kriSTALL Guttannen: O\u00f9 les pierres racontent une histoireFin mai 2026, kriSTALL ouvrira une porte sur le monde fascinant des cristaux de roche. Dans le petit espace am\u00e9nag\u00e9 d\u2019une ancienne \u00e9table \u00e0 Guttannen, vous embarquerez pour un voyage magique \u00e0 la d\u00e9couverte des tr\u00e9sors du massif du Grimsel et des personnes qui y ont consacr\u00e9 leur [&hellip;]<\/p>\n","protected":false},"author":1,"featured_media":0,"parent":0,"menu_order":0,"comment_status":"closed","ping_status":"closed","template":"","meta":{"_seopress_robots_primary_cat":"","_seopress_titles_title":"","_seopress_titles_desc":"","_seopress_robots_index":"","_et_pb_use_builder":"on","_et_pb_old_content":"","_et_gb_content_width":"","footnotes":""},"difl_page_category":[],"class_list":["post-806","page","type-page","status-publish","hentry"],"_links":{"self":[{"href":"https:\/\/kristall-guttannen.ch\/fr\/wp-json\/wp\/v2\/pages\/806","targetHints":{"allow":["GET"]}}],"collection":[{"href":"https:\/\/kristall-guttannen.ch\/fr\/wp-json\/wp\/v2\/pages"}],"about":[{"href":"https:\/\/kristall-guttannen.ch\/fr\/wp-json\/wp\/v2\/types\/page"}],"author":[{"embeddable":true,"href":"https:\/\/kristall-guttannen.ch\/fr\/wp-json\/wp\/v2\/users\/1"}],"replies":[{"embeddable":true,"href":"https:\/\/kristall-guttannen.ch\/fr\/wp-json\/wp\/v2\/comments?post=806"}],"version-history":[{"count":15,"href":"https:\/\/kristall-guttannen.ch\/fr\/wp-json\/wp\/v2\/pages\/806\/revisions"}],"predecessor-version":[{"id":945,"href":"https:\/\/kristall-guttannen.ch\/fr\/wp-json\/wp\/v2\/pages\/806\/revisions\/945"}],"wp:attachment":[{"href":"https:\/\/kristall-guttannen.ch\/fr\/wp-json\/wp\/v2\/media?parent=806"}],"wp:term":[{"taxonomy":"difl_page_category","embeddable":true,"href":"https:\/\/kristall-guttannen.ch\/fr\/wp-json\/wp\/v2\/difl_page_category?post=806"}],"curies":[{"name":"wp","href":"https:\/\/api.w.org\/{rel}","templated":true}]}}